{"id":2515,"date":"2023-10-25T17:19:58","date_gmt":"2023-10-25T17:19:58","guid":{"rendered":"http:\/\/nivernaise.wakemeup-dns.com\/?post_type=product&#038;p=2515"},"modified":"2025-11-12T09:05:49","modified_gmt":"2025-11-12T08:05:49","slug":"bissonnet-une-dynastie","status":"publish","type":"product","link":"https:\/\/nivernaise.wakemeup-dns.com\/en\/product\/bissonnet-une-dynastie\/","title":{"rendered":"Bissonnet une Dynastie"},"content":{"rendered":"<p>This elegant book is dedicated to the Boucheries Nivernaises and the Bissonet family, who have had a passion for meat for several generations. It all started when the founder, Jean Bissonet, took over a butcher shop in Suresnes in 1954 with his wife Monique. Subsequently, he opened other butcher shops, including the most prestigious one located on rue du Faubourg Saint-Honor\u00e9, thus supplying major hotels, restaurants, and even the \u00c9lys\u00e9e. This father-to-son butcher tradition dates back to the time of Napoleon III.&#8221; The richly illustrated book explores the history of the Bissonet family through intergenerational transmission, portraits, regions, terroirs, and breeders with whom they collaborate. It also provides an insight into Rungis and the philosophy of each member of the family business, including the grandsons who continue to uphold the fame of Boucheries Nivernaises. The book features family recipes. It&#8217;s worth noting that there are English translations at the end of the book for an international audience.<\/p>\n","protected":false},"excerpt":{"rendered":"<p>This elegant book is dedicated to the Boucheries Nivernaises and the Bissonet family, who have had a passion for meat for several generations. It all started when the founder, Jean Bissonet, took over a butcher shop in Suresnes in 1954 with his wife Monique. Subsequently, he opened other butcher shops, including the most prestigious one [&hellip;]<\/p>\n","protected":false},"featured_media":58500,"comment_status":"closed","ping_status":"closed","template":"","meta":[],"product_brand":[],"product_cat":[46],"product_tag":[116],"class_list":{"0":"post-2515","1":"product","2":"type-product","3":"status-publish","4":"has-post-thumbnail","6":"product_cat-accessories","7":"product_tag-featured","8":"product_shipping_class-fresh-product","10":"first","11":"instock","12":"taxable","13":"shipping-taxable","14":"purchasable","15":"product-type-simple"},"yoast_head":"<!-- This site is optimized with the Yoast SEO plugin v26.3 - https:\/\/yoast.com\/wordpress\/plugins\/seo\/ -->\n<title>Bissonnet une Dynastie - Les Boucheries Nivernaises<\/title>\n<meta name=\"robots\" content=\"noindex, follow, max-snippet:-1, max-image-preview:large, max-video-preview:-1\" \/>\n<meta property=\"og:locale\" content=\"en_US\" \/>\n<meta property=\"og:type\" content=\"article\" \/>\n<meta property=\"og:title\" content=\"Bissonnet une Dynastie - Les Boucheries Nivernaises\" \/>\n<meta property=\"og:description\" content=\"This elegant book is dedicated to the Boucheries Nivernaises and the Bissonet family, who have had a passion for meat for several generations. It all started when the founder, Jean Bissonet, took over a butcher shop in Suresnes in 1954 with his wife Monique. Subsequently, he opened other butcher shops, including the most prestigious one [&hellip;]\" \/>\n<meta property=\"og:url\" content=\"https:\/\/nivernaise.wakemeup-dns.com\/en\/product\/bissonnet-une-dynastie\/\" \/>\n<meta property=\"og:site_name\" content=\"Les Boucheries Nivernaises\" \/>\n<meta property=\"article:modified_time\" content=\"2025-11-12T08:05:49+00:00\" \/>\n<meta property=\"og:image\" content=\"https:\/\/nivernaise.wakemeup-dns.com\/wp-content\/uploads\/Livres_011-2.jpg\" \/>\n\t<meta property=\"og:image:width\" content=\"600\" \/>\n\t<meta property=\"og:image:height\" content=\"600\" \/>\n\t<meta property=\"og:image:type\" content=\"image\/jpeg\" \/>\n<meta name=\"twitter:card\" content=\"summary_large_image\" \/>\n<meta name=\"twitter:label1\" content=\"Est. reading time\" \/>\n\t<meta name=\"twitter:data1\" content=\"2 minutes\" \/>\n<script type=\"application\/ld+json\" class=\"yoast-schema-graph\">{\"@context\":\"https:\/\/schema.org\",\"@graph\":[{\"@type\":\"WebPage\",\"@id\":\"https:\/\/nivernaise.wakemeup-dns.com\/en\/product\/bissonnet-une-dynastie\/\",\"url\":\"https:\/\/nivernaise.wakemeup-dns.com\/en\/product\/bissonnet-une-dynastie\/\",\"name\":\"Bissonnet une Dynastie - Les Boucheries Nivernaises\",\"isPartOf\":{\"@id\":\"https:\/\/nivernaise.wakemeup-dns.com\/en\/#website\"},\"primaryImageOfPage\":{\"@id\":\"https:\/\/nivernaise.wakemeup-dns.com\/en\/product\/bissonnet-une-dynastie\/#primaryimage\"},\"image\":{\"@id\":\"https:\/\/nivernaise.wakemeup-dns.com\/en\/product\/bissonnet-une-dynastie\/#primaryimage\"},\"thumbnailUrl\":\"https:\/\/nivernaise.wakemeup-dns.com\/wp-content\/uploads\/Livres_011-2.jpg\",\"datePublished\":\"2023-10-25T17:19:58+00:00\",\"dateModified\":\"2025-11-12T08:05:49+00:00\",\"breadcrumb\":{\"@id\":\"https:\/\/nivernaise.wakemeup-dns.com\/en\/product\/bissonnet-une-dynastie\/#breadcrumb\"},\"inLanguage\":\"en-US\",\"potentialAction\":[{\"@type\":\"ReadAction\",\"target\":[\"https:\/\/nivernaise.wakemeup-dns.com\/en\/product\/bissonnet-une-dynastie\/\"]}]},{\"@type\":\"ImageObject\",\"inLanguage\":\"en-US\",\"@id\":\"https:\/\/nivernaise.wakemeup-dns.com\/en\/product\/bissonnet-une-dynastie\/#primaryimage\",\"url\":\"https:\/\/nivernaise.wakemeup-dns.com\/wp-content\/uploads\/Livres_011-2.jpg\",\"contentUrl\":\"https:\/\/nivernaise.wakemeup-dns.com\/wp-content\/uploads\/Livres_011-2.jpg\",\"width\":600,\"height\":600},{\"@type\":\"BreadcrumbList\",\"@id\":\"https:\/\/nivernaise.wakemeup-dns.com\/en\/product\/bissonnet-une-dynastie\/#breadcrumb\",\"itemListElement\":[{\"@type\":\"ListItem\",\"position\":1,\"name\":\"Home\",\"item\":\"https:\/\/nivernaise.wakemeup-dns.com\/en\/\"},{\"@type\":\"ListItem\",\"position\":2,\"name\":\"Shop online\",\"item\":\"https:\/\/nivernaise.wakemeup-dns.com\/en\/shop-online\/\"},{\"@type\":\"ListItem\",\"position\":3,\"name\":\"Bissonnet une Dynastie\"}]},{\"@type\":\"WebSite\",\"@id\":\"https:\/\/nivernaise.wakemeup-dns.com\/en\/#website\",\"url\":\"https:\/\/nivernaise.wakemeup-dns.com\/en\/\",\"name\":\"Les Boucheries Nivernaises\",\"description\":\"DEV\",\"publisher\":{\"@id\":\"https:\/\/nivernaise.wakemeup-dns.com\/en\/#organization\"},\"potentialAction\":[{\"@type\":\"SearchAction\",\"target\":{\"@type\":\"EntryPoint\",\"urlTemplate\":\"https:\/\/nivernaise.wakemeup-dns.com\/en\/?s={search_term_string}\"},\"query-input\":{\"@type\":\"PropertyValueSpecification\",\"valueRequired\":true,\"valueName\":\"search_term_string\"}}],\"inLanguage\":\"en-US\"},{\"@type\":\"Organization\",\"@id\":\"https:\/\/nivernaise.wakemeup-dns.com\/en\/#organization\",\"name\":\"Les Boucheries Nivernaises\",\"url\":\"https:\/\/nivernaise.wakemeup-dns.com\/en\/\",\"logo\":{\"@type\":\"ImageObject\",\"inLanguage\":\"en-US\",\"@id\":\"https:\/\/nivernaise.wakemeup-dns.com\/en\/#\/schema\/logo\/image\/\",\"url\":\"https:\/\/nivernaise.wakemeup-dns.com\/wp-content\/uploads\/boucheriesnivernaises-logo.svg\",\"contentUrl\":\"https:\/\/nivernaise.wakemeup-dns.com\/wp-content\/uploads\/boucheriesnivernaises-logo.svg\",\"width\":581.9,\"height\":36.09,\"caption\":\"Les Boucheries Nivernaises\"},\"image\":{\"@id\":\"https:\/\/nivernaise.wakemeup-dns.com\/en\/#\/schema\/logo\/image\/\"}}]}<\/script>\n<!-- \/ Yoast SEO plugin. -->","yoast_head_json":{"title":"Bissonnet une Dynastie - Les Boucheries Nivernaises","robots":{"index":"noindex","follow":"follow","max-snippet":"max-snippet:-1","max-image-preview":"max-image-preview:large","max-video-preview":"max-video-preview:-1"},"og_locale":"en_US","og_type":"article","og_title":"Bissonnet une Dynastie - Les Boucheries Nivernaises","og_description":"This elegant book is dedicated to the Boucheries Nivernaises and the Bissonet family, who have had a passion for meat for several generations. It all started when the founder, Jean Bissonet, took over a butcher shop in Suresnes in 1954 with his wife Monique. Subsequently, he opened other butcher shops, including the most prestigious one [&hellip;]","og_url":"https:\/\/nivernaise.wakemeup-dns.com\/en\/product\/bissonnet-une-dynastie\/","og_site_name":"Les Boucheries Nivernaises","article_modified_time":"2025-11-12T08:05:49+00:00","og_image":[{"width":600,"height":600,"url":"https:\/\/nivernaise.wakemeup-dns.com\/wp-content\/uploads\/Livres_011-2.jpg","type":"image\/jpeg"}],"twitter_card":"summary_large_image","twitter_misc":{"Est. reading time":"2 minutes"},"schema":{"@context":"https:\/\/schema.org","@graph":[{"@type":"WebPage","@id":"https:\/\/nivernaise.wakemeup-dns.com\/en\/product\/bissonnet-une-dynastie\/","url":"https:\/\/nivernaise.wakemeup-dns.com\/en\/product\/bissonnet-une-dynastie\/","name":"Bissonnet une Dynastie - Les Boucheries Nivernaises","isPartOf":{"@id":"https:\/\/nivernaise.wakemeup-dns.com\/en\/#website"},"primaryImageOfPage":{"@id":"https:\/\/nivernaise.wakemeup-dns.com\/en\/product\/bissonnet-une-dynastie\/#primaryimage"},"image":{"@id":"https:\/\/nivernaise.wakemeup-dns.com\/en\/product\/bissonnet-une-dynastie\/#primaryimage"},"thumbnailUrl":"https:\/\/nivernaise.wakemeup-dns.com\/wp-content\/uploads\/Livres_011-2.jpg","datePublished":"2023-10-25T17:19:58+00:00","dateModified":"2025-11-12T08:05:49+00:00","breadcrumb":{"@id":"https:\/\/nivernaise.wakemeup-dns.com\/en\/product\/bissonnet-une-dynastie\/#breadcrumb"},"inLanguage":"en-US","potentialAction":[{"@type":"ReadAction","target":["https:\/\/nivernaise.wakemeup-dns.com\/en\/product\/bissonnet-une-dynastie\/"]}]},{"@type":"ImageObject","inLanguage":"en-US","@id":"https:\/\/nivernaise.wakemeup-dns.com\/en\/product\/bissonnet-une-dynastie\/#primaryimage","url":"https:\/\/nivernaise.wakemeup-dns.com\/wp-content\/uploads\/Livres_011-2.jpg","contentUrl":"https:\/\/nivernaise.wakemeup-dns.com\/wp-content\/uploads\/Livres_011-2.jpg","width":600,"height":600},{"@type":"BreadcrumbList","@id":"https:\/\/nivernaise.wakemeup-dns.com\/en\/product\/bissonnet-une-dynastie\/#breadcrumb","itemListElement":[{"@type":"ListItem","position":1,"name":"Home","item":"https:\/\/nivernaise.wakemeup-dns.com\/en\/"},{"@type":"ListItem","position":2,"name":"Shop online","item":"https:\/\/nivernaise.wakemeup-dns.com\/en\/shop-online\/"},{"@type":"ListItem","position":3,"name":"Bissonnet une Dynastie"}]},{"@type":"WebSite","@id":"https:\/\/nivernaise.wakemeup-dns.com\/en\/#website","url":"https:\/\/nivernaise.wakemeup-dns.com\/en\/","name":"Les Boucheries Nivernaises","description":"DEV","publisher":{"@id":"https:\/\/nivernaise.wakemeup-dns.com\/en\/#organization"},"potentialAction":[{"@type":"SearchAction","target":{"@type":"EntryPoint","urlTemplate":"https:\/\/nivernaise.wakemeup-dns.com\/en\/?s={search_term_string}"},"query-input":{"@type":"PropertyValueSpecification","valueRequired":true,"valueName":"search_term_string"}}],"inLanguage":"en-US"},{"@type":"Organization","@id":"https:\/\/nivernaise.wakemeup-dns.com\/en\/#organization","name":"Les Boucheries Nivernaises","url":"https:\/\/nivernaise.wakemeup-dns.com\/en\/","logo":{"@type":"ImageObject","inLanguage":"en-US","@id":"https:\/\/nivernaise.wakemeup-dns.com\/en\/#\/schema\/logo\/image\/","url":"https:\/\/nivernaise.wakemeup-dns.com\/wp-content\/uploads\/boucheriesnivernaises-logo.svg","contentUrl":"https:\/\/nivernaise.wakemeup-dns.com\/wp-content\/uploads\/boucheriesnivernaises-logo.svg","width":581.9,"height":36.09,"caption":"Les Boucheries Nivernaises"},"image":{"@id":"https:\/\/nivernaise.wakemeup-dns.com\/en\/#\/schema\/logo\/image\/"}}]}},"_links":{"self":[{"href":"https:\/\/nivernaise.wakemeup-dns.com\/en\/wp-json\/wp\/v2\/product\/2515","targetHints":{"allow":["GET"]}}],"collection":[{"href":"https:\/\/nivernaise.wakemeup-dns.com\/en\/wp-json\/wp\/v2\/product"}],"about":[{"href":"https:\/\/nivernaise.wakemeup-dns.com\/en\/wp-json\/wp\/v2\/types\/product"}],"replies":[{"embeddable":true,"href":"https:\/\/nivernaise.wakemeup-dns.com\/en\/wp-json\/wp\/v2\/comments?post=2515"}],"wp:featuredmedia":[{"embeddable":true,"href":"https:\/\/nivernaise.wakemeup-dns.com\/en\/wp-json\/wp\/v2\/media\/58500"}],"wp:attachment":[{"href":"https:\/\/nivernaise.wakemeup-dns.com\/en\/wp-json\/wp\/v2\/media?parent=2515"}],"wp:term":[{"taxonomy":"product_brand","embeddable":true,"href":"https:\/\/nivernaise.wakemeup-dns.com\/en\/wp-json\/wp\/v2\/product_brand?post=2515"},{"taxonomy":"product_cat","embeddable":true,"href":"https:\/\/nivernaise.wakemeup-dns.com\/en\/wp-json\/wp\/v2\/product_cat?post=2515"},{"taxonomy":"product_tag","embeddable":true,"href":"https:\/\/nivernaise.wakemeup-dns.com\/en\/wp-json\/wp\/v2\/product_tag?post=2515"}],"curies":[{"name":"wp","href":"https:\/\/api.w.org\/{rel}","templated":true}]}}